{"id":40,"date":"2022-12-29T13:21:41","date_gmt":"2022-12-29T12:21:41","guid":{"rendered":"https:\/\/bieg.pluznica.info\/?page_id=40"},"modified":"2025-05-06T22:15:04","modified_gmt":"2025-05-06T20:15:04","slug":"program","status":"publish","type":"page","link":"https:\/\/bieg.pluznica.info\/index.php\/program\/","title":{"rendered":"Program"},"content":{"rendered":"\n<p>  8:30 &#8211; otwarcie biura zawod\u00f3w<br>10:20 &#8211; zamkni\u0119cie biura zawod\u00f3w<br>10:40 &#8211; oficjalne rozpocz\u0119cie<br>10:50 &#8211; rozgrzewka<br>11:00 &#8211; start biegu<br>11:15 &#8211; oczekiwanie na pierwszego biegacza<br>11:50 &#8211; biegi dzieci<br>12:15 &#8211; wr\u0119czenie nagr\u00f3d biegu g\u0142\u00f3wnego<br>12:45 &#8211; oficjalne zako\u0144czenie<\/p>\n","protected":false},"excerpt":{"rendered":"<p>8:30 &#8211; otwarcie biura zawod\u00f3w10:20 &#8211; zamkni\u0119cie biura zawod\u00f3w10:40 &#8211; oficjalne rozpocz\u0119cie10:50 &#8211; rozgrzewka11:00 &#8211; start biegu11:15 &#8211; oczekiwanie na pierwszego biegacza11:50 &#8211; biegi dzieci12:15 &#8211; wr\u0119czenie nagr\u00f3d biegu g\u0142\u00f3wnego12:45 &#8211; oficjalne zako\u0144czenie<\/p>\n","protected":false},"author":1,"featured_media":0,"parent":0,"menu_order":0,"comment_status":"closed","ping_status":"closed","template":"","meta":{"footnotes":""},"class_list":["post-40","page","type-page","status-publish","hentry"],"_links":{"self":[{"href":"https:\/\/bieg.pluznica.info\/index.php\/wp-json\/wp\/v2\/pages\/40","targetHints":{"allow":["GET"]}}],"collection":[{"href":"https:\/\/bieg.pluznica.info\/index.php\/wp-json\/wp\/v2\/pages"}],"about":[{"href":"https:\/\/bieg.pluznica.info\/index.php\/wp-json\/wp\/v2\/types\/page"}],"author":[{"embeddable":true,"href":"https:\/\/bieg.pluznica.info\/index.php\/wp-json\/wp\/v2\/users\/1"}],"replies":[{"embeddable":true,"href":"https:\/\/bieg.pluznica.info\/index.php\/wp-json\/wp\/v2\/comments?post=40"}],"version-history":[{"count":9,"href":"https:\/\/bieg.pluznica.info\/index.php\/wp-json\/wp\/v2\/pages\/40\/revisions"}],"predecessor-version":[{"id":442,"href":"https:\/\/bieg.pluznica.info\/index.php\/wp-json\/wp\/v2\/pages\/40\/revisions\/442"}],"wp:attachment":[{"href":"https:\/\/bieg.pluznica.info\/index.php\/wp-json\/wp\/v2\/media?parent=40"}],"curies":[{"name":"wp","href":"https:\/\/api.w.org\/{rel}","templated":true}]}}