{"id":48,"date":"2022-12-29T13:22:29","date_gmt":"2022-12-29T12:22:29","guid":{"rendered":"https:\/\/bieg.pluznica.info\/?page_id=48"},"modified":"2026-02-08T13:44:30","modified_gmt":"2026-02-08T12:44:30","slug":"kontakt","status":"publish","type":"page","link":"http:\/\/bieg.pluznica.info\/index.php\/kontakt\/","title":{"rendered":"Kontakt"},"content":{"rendered":"\n<p class=\"has-text-align-center\">Masz pytania lub chcesz nawi\u0105za\u0107 wsp\u00f3\u0142prac\u0119? Skontaktuj si\u0119 z nami drog\u0105 mailow\u0105 \u2013 ch\u0119tnie odpowiemy na Twoj\u0105 wiadomo\u015b\u0107.<\/p>\n\n\n\n<p class=\"has-text-align-center has-mdm-large-font-size\"><a href=\"mailto:pluznickapiatka@gmail.com\">pluznickapiatka@gmail.com<\/a> <\/p>\n","protected":false},"excerpt":{"rendered":"<p>Masz pytania lub chcesz nawi\u0105za\u0107 wsp\u00f3\u0142prac\u0119? Skontaktuj si\u0119 z nami drog\u0105 mailow\u0105 \u2013 ch\u0119tnie odpowiemy na Twoj\u0105 wiadomo\u015b\u0107. pluznickapiatka@gmail.com<\/p>\n","protected":false},"author":1,"featured_media":0,"parent":0,"menu_order":0,"comment_status":"closed","ping_status":"closed","template":"","meta":{"footnotes":""},"class_list":["post-48","page","type-page","status-publish","hentry"],"_links":{"self":[{"href":"http:\/\/bieg.pluznica.info\/index.php\/wp-json\/wp\/v2\/pages\/48","targetHints":{"allow":["GET"]}}],"collection":[{"href":"http:\/\/bieg.pluznica.info\/index.php\/wp-json\/wp\/v2\/pages"}],"about":[{"href":"http:\/\/bieg.pluznica.info\/index.php\/wp-json\/wp\/v2\/types\/page"}],"author":[{"embeddable":true,"href":"http:\/\/bieg.pluznica.info\/index.php\/wp-json\/wp\/v2\/users\/1"}],"replies":[{"embeddable":true,"href":"http:\/\/bieg.pluznica.info\/index.php\/wp-json\/wp\/v2\/comments?post=48"}],"version-history":[{"count":6,"href":"http:\/\/bieg.pluznica.info\/index.php\/wp-json\/wp\/v2\/pages\/48\/revisions"}],"predecessor-version":[{"id":526,"href":"http:\/\/bieg.pluznica.info\/index.php\/wp-json\/wp\/v2\/pages\/48\/revisions\/526"}],"wp:attachment":[{"href":"http:\/\/bieg.pluznica.info\/index.php\/wp-json\/wp\/v2\/media?parent=48"}],"curies":[{"name":"wp","href":"https:\/\/api.w.org\/{rel}","templated":true}]}}